{"id":32,"date":"2016-06-17T11:18:24","date_gmt":"2016-06-17T10:18:24","guid":{"rendered":"http:\/\/www.cittadella.cz\/new\/?page_id=32"},"modified":"2021-11-28T15:07:45","modified_gmt":"2021-11-28T14:07:45","slug":"webdesign-aplikace","status":"publish","type":"page","link":"https:\/\/www.cittadella.cz\/new\/webdesign-aplikace\/","title":{"rendered":"webdesign | aplikace"},"content":{"rendered":"<div id=\"pl-32\"  class=\"panel-layout\" ><div id=\"pg-32-0\"  class=\"panel-grid panel-has-style\" ><div class=\"panel-row-style panel-row-style-for-32-0\" ><div id=\"pgc-32-0-0\"  class=\"panel-grid-cell\" ><div id=\"panel-32-0-0-0\" class=\"so-panel widget widget_sow-editor panel-first-child panel-last-child\" data-index=\"0\" ><div class=\"panel-widget-style panel-widget-style-for-32-0-0-0\" ><div\n\t\t\t\n\t\t\tclass=\"so-widget-sow-editor so-widget-sow-editor-base\"\n\t\t\t\n\t\t>\n<div class=\"siteorigin-widget-tinymce textwidget\">\n\t<h2 style=\"text-align: center; margin-top: 0px; color: #000;\">WEBDESIGN | MULTIMEDIA<\/h2>\n<\/div>\n<\/div><\/div><\/div><\/div><\/div><\/div><div id=\"pg-32-1\"  class=\"panel-grid panel-has-style\" ><div class=\"fixedrow siteorigin-panels-stretch panel-row-style panel-row-style-for-32-1\" id=\"motto\" data-stretch-type=\"full\" ><div id=\"pgc-32-1-0\"  class=\"panel-grid-cell\" ><div id=\"panel-32-1-0-0\" class=\"so-panel widget widget_sow-editor panel-first-child panel-last-child\" data-index=\"1\" ><div class=\"center_text panel-widget-style panel-widget-style-for-32-1-0-0\" ><div\n\t\t\t\n\t\t\tclass=\"so-widget-sow-editor so-widget-sow-editor-base\"\n\t\t\t\n\t\t>\n<div class=\"siteorigin-widget-tinymce textwidget\">\n\t<p><strong>Nab\u00edz\u00edme kompletn\u00ed vytvo\u0159en\u00ed Va\u0161\u00ed webov\u00e9 prezentace, v\u010detn\u011b zpracov\u00e1n\u00ed kreativn\u00edch grafick\u00fdch n\u00e1vrh\u016f. Analyzujeme pot\u0159eby nejen Va\u0161\u00ed firmy, ale i Va\u0161ich z\u00e1kazn\u00edk\u016f.<\/strong><\/p>\n<p>M\u00e1me k dispozici spolupracovn\u00edky, kte\u0159\u00ed zabezpe\u010duj\u00ed kompletn\u00ed proces tvorby internetov\u00e9 prezentace: anal\u00fdza, grafick\u00fd design, programov\u00e1n\u00ed, testov\u00e1n\u00ed, administrace a spr\u00e1va aplikac\u00ed.<\/p>\n<\/div>\n<\/div><\/div><\/div><\/div><\/div><\/div><div id=\"pg-32-2\"  class=\"panel-grid panel-has-style\" ><div class=\"fixedrow2 siteorigin-panels-stretch panel-row-style panel-row-style-for-32-2\" data-stretch-type=\"full-stretched\" ><div id=\"pgc-32-2-0\"  class=\"panel-grid-cell\" ><div id=\"panel-32-2-0-0\" class=\"so-panel widget widget_sow-editor panel-first-child panel-last-child\" data-index=\"2\" ><div class=\"panel-widget-style panel-widget-style-for-32-2-0-0\" ><div\n\t\t\t\n\t\t\tclass=\"so-widget-sow-editor so-widget-sow-editor-base\"\n\t\t\t\n\t\t>\n<div class=\"siteorigin-widget-tinymce textwidget\">\n\t<p>P\u0159ed zah\u00e1jen\u00edm prac\u00ed V\u00e1m m\u016f\u017eeme p\u0159edlo\u017eit k v\u00fdb\u011bru r\u016fzn\u00e9 <strong>grafick\u00e9 n\u00e1vrhy<\/strong>, n\u00e1sledn\u011b zpracujeme grafiku a <strong>stromovou strukturu<\/strong> nov\u00e9ho webu. D\u00e1le s Va\u0161\u00ed spoluprac\u00ed shrom\u00e1\u017ed\u00edme podklady pro napln\u011bn\u00ed nov\u00e9 aplikace, kterou t\u011bmito daty napln\u00edme. Pro naprogramov\u00e1n\u00ed statick\u00e9 a dynamick\u00e9 \u010d\u00e1sti str\u00e1nek pou\u017e\u00edv\u00e1me nejroz\u0161\u00ed\u0159en\u011bj\u0161\u00ed postupy tvorby <strong>webov\u00fdch str\u00e1nek<\/strong> a <strong>prezentac\u00ed.<\/strong><\/p>\n<\/div>\n<\/div><\/div><\/div><\/div><div id=\"pgc-32-2-1\"  class=\"panel-grid-cell\" ><div id=\"panel-32-2-1-0\" class=\"so-panel widget widget_sow-editor panel-first-child panel-last-child\" data-index=\"3\" ><div class=\"panel-widget-style panel-widget-style-for-32-2-1-0\" ><div\n\t\t\t\n\t\t\tclass=\"so-widget-sow-editor so-widget-sow-editor-base\"\n\t\t\t\n\t\t>\n<div class=\"siteorigin-widget-tinymce textwidget\">\n\t<p>Standardem je dnes modern\u00ed a p\u0159ehledn\u00fd <strong>responsivn\u00ed design<\/strong> - p\u0159izp\u016fsob\u00ed se ka\u017ed\u00e9mu pou\u017eit\u00e9mu za\u0159\u00edzen\u00ed (mobiln\u00ed telefon, tablet, PC).<br \/> Webov\u00e9 str\u00e1nky pou\u017e\u00edvaj\u00ed nov\u00e9 technologie jako je <strong>HTML5<\/strong>. K\u00f3d str\u00e1nek je rovn\u011b\u017e responsivn\u00ed s ohledem na pou\u017eit\u00e9 za\u0159\u00edzen\u00ed k zobrazen\u00ed www str\u00e1nek. Technologie, kter\u00e9 jsou na \u00fastupu a tvo\u0159ily by mo\u017enou p\u0159ek\u00e1\u017eku, nepou\u017e\u00edv\u00e1me (Flash, Java).<\/p>\n<\/div>\n<\/div><\/div><\/div><\/div><div id=\"pgc-32-2-2\"  class=\"panel-grid-cell\" ><div id=\"panel-32-2-2-0\" class=\"so-panel widget widget_sow-editor panel-first-child panel-last-child\" data-index=\"4\" ><div class=\"panel-widget-style panel-widget-style-for-32-2-2-0\" ><div\n\t\t\t\n\t\t\tclass=\"so-widget-sow-editor so-widget-sow-editor-base\"\n\t\t\t\n\t\t>\n<div class=\"siteorigin-widget-tinymce textwidget\">\n\t<p>Samoz\u0159ejm\u011b db\u00e1me na kompatibilitu s\u00a0obvykl\u00fdmi webov\u00fdmi prohl\u00ed\u017ee\u010di. Vyu\u017e\u00edv\u00e1me redak\u010dn\u00ed syst\u00e9m <strong>WordPress<\/strong>, celosv\u011btov\u011b nejdynami\u010dt\u011bj\u0161\u00ed, pr\u016fb\u011b\u017en\u011b a dlouhodob\u011b aktualizovan\u00fd celosv\u011btovou IT komunitou (funkce, pluginy), i pro Va\u0161i n\u00e1slednou vlastn\u00ed aktualizaci a spr\u00e1vu webov\u00fdch str\u00e1nek, pokud nebudete cht\u00edt vyu\u017e\u00edvat na\u0161ich n\u00e1sledn\u00fdch slu\u017eeb. M\u016f\u017eeme zapracovat i syst\u00e9m na podporu prodeje Va\u0161eho zbo\u017e\u00ed \u010di dal\u0161\u00ed datab\u00e1zov\u00e9 moduly (konference a semin\u00e1\u0159e v\u010detn\u011b p\u0159ihla\u0161ov\u00e1n\u00ed \u00fa\u010dastn\u00edk\u016f, \u010dinnosti\/projekty\/publikace v\u011bdeck\u00fdch pracovn\u00edk\u016f v\u010detn\u011b jejich n\u00e1sledn\u00e9ho <strong>vyhled\u00e1v\u00e1n\u00ed<\/strong> apod.).<\/p>\n<\/div>\n<\/div><\/div><\/div><\/div><\/div><\/div><div id=\"pg-32-3\"  class=\"panel-grid panel-has-style\" ><div class=\"fixedrow2 siteorigin-panels-stretch panel-row-style panel-row-style-for-32-3\" id=\"fotop\" data-stretch-type=\"full-stretched\" ><div id=\"pgc-32-3-0\"  class=\"panel-grid-cell\" ><div class=\"fotobox panel-cell-style panel-cell-style-for-32-3-0\" ><div id=\"panel-32-3-0-0\" class=\"so-panel widget widget_sow-image panel-first-child panel-last-child\" data-index=\"5\" ><div class=\"panel-widget-style panel-widget-style-for-32-3-0-0\" ><div\n\t\t\t\n\t\t\tclass=\"so-widget-sow-image so-widget-sow-image-default-8b5b6f678277-32\"\n\t\t\t\n\t\t>\n<div class=\"sow-image-container\">\n\t\t<img \n\tsrc=\"https:\/\/www.cittadella.cz\/new\/wp-content\/uploads\/2016\/06\/web-uh.jpg\" width=\"1405\" height=\"1654\" srcset=\"https:\/\/www.cittadella.cz\/new\/wp-content\/uploads\/2016\/06\/web-uh.jpg 1405w, https:\/\/www.cittadella.cz\/new\/wp-content\/uploads\/2016\/06\/web-uh-255x300.jpg 255w, https:\/\/www.cittadella.cz\/new\/wp-content\/uploads\/2016\/06\/web-uh-768x904.jpg 768w, https:\/\/www.cittadella.cz\/new\/wp-content\/uploads\/2016\/06\/web-uh-870x1024.jpg 870w\" sizes=\"(max-width: 1405px) 100vw, 1405px\" alt=\"\" \t\tclass=\"so-widget-image\"\/>\n\t<\/div>\n\n<\/div><\/div><\/div><\/div><\/div><div id=\"pgc-32-3-1\"  class=\"panel-grid-cell\" ><div class=\"fotobox panel-cell-style panel-cell-style-for-32-3-1\" ><div id=\"panel-32-3-1-0\" class=\"so-panel widget widget_sow-image panel-first-child panel-last-child\" data-index=\"6\" ><div class=\"panel-widget-style panel-widget-style-for-32-3-1-0\" ><div\n\t\t\t\n\t\t\tclass=\"so-widget-sow-image so-widget-sow-image-default-8b5b6f678277-32\"\n\t\t\t\n\t\t><\/div><\/div><\/div><\/div><\/div><div id=\"pgc-32-3-2\"  class=\"panel-grid-cell\" ><div class=\"fotobox panel-cell-style panel-cell-style-for-32-3-2\" ><div id=\"panel-32-3-2-0\" class=\"so-panel widget widget_sow-image panel-first-child panel-last-child\" data-index=\"7\" ><div class=\"panel-widget-style panel-widget-style-for-32-3-2-0\" ><div\n\t\t\t\n\t\t\tclass=\"so-widget-sow-image so-widget-sow-image-default-8b5b6f678277-32\"\n\t\t\t\n\t\t>\n<div class=\"sow-image-container\">\n\t\t<img \n\tsrc=\"https:\/\/www.cittadella.cz\/new\/wp-content\/uploads\/2016\/06\/dna.jpg\" width=\"1608\" height=\"1015\" srcset=\"https:\/\/www.cittadella.cz\/new\/wp-content\/uploads\/2016\/06\/dna.jpg 1608w, https:\/\/www.cittadella.cz\/new\/wp-content\/uploads\/2016\/06\/dna-300x189.jpg 300w, https:\/\/www.cittadella.cz\/new\/wp-content\/uploads\/2016\/06\/dna-768x485.jpg 768w, https:\/\/www.cittadella.cz\/new\/wp-content\/uploads\/2016\/06\/dna-1024x646.jpg 1024w\" sizes=\"(max-width: 1608px) 100vw, 1608px\" alt=\"\" \t\tclass=\"so-widget-image\"\/>\n\t<\/div>\n\n<\/div><\/div><\/div><\/div><\/div><div id=\"pgc-32-3-3\"  class=\"panel-grid-cell\" ><div class=\"fotobox panel-cell-style panel-cell-style-for-32-3-3\" ><div id=\"panel-32-3-3-0\" class=\"so-panel widget widget_sow-image panel-first-child panel-last-child\" data-index=\"8\" ><div class=\"panel-widget-style panel-widget-style-for-32-3-3-0\" ><div\n\t\t\t\n\t\t\tclass=\"so-widget-sow-image so-widget-sow-image-default-8b5b6f678277-32\"\n\t\t\t\n\t\t><\/div><\/div><\/div><\/div><\/div><\/div><\/div><\/div>","protected":false},"excerpt":{"rendered":"<p>WEBDESIGN | MULTIMEDIA Nab\u00edz\u00edme kompletn\u00ed vytvo\u0159en\u00ed Va\u0161\u00ed webov\u00e9 prezentace, v\u010detn\u011b zpracov\u00e1n\u00ed kreativn\u00edch grafick\u00fdch n\u00e1vrh\u016f. Analyzujeme pot\u0159eby nejen Va\u0161\u00ed firmy, ale i Va\u0161ich z\u00e1kazn\u00edk\u016f. M\u00e1me k dispozici spolupracovn\u00edky, kte\u0159\u00ed zabezpe\u010duj\u00ed kompletn\u00ed proces tvorby internetov\u00e9 prezentace: anal\u00fdza, grafick\u00fd design, programov\u00e1n\u00ed, testov\u00e1n\u00ed, administrace a spr\u00e1va aplikac\u00ed.<\/p>\n","protected":false},"author":1,"featured_media":0,"parent":0,"menu_order":2,"comment_status":"closed","ping_status":"closed","template":"templates\/template-full-notitle.php","meta":{"ngg_post_thumbnail":0,"footnotes":""},"_links":{"self":[{"href":"https:\/\/www.cittadella.cz\/new\/wp-json\/wp\/v2\/pages\/32"}],"collection":[{"href":"https:\/\/www.cittadella.cz\/new\/wp-json\/wp\/v2\/pages"}],"about":[{"href":"https:\/\/www.cittadella.cz\/new\/wp-json\/wp\/v2\/types\/page"}],"author":[{"embeddable":true,"href":"https:\/\/www.cittadella.cz\/new\/wp-json\/wp\/v2\/users\/1"}],"replies":[{"embeddable":true,"href":"https:\/\/www.cittadella.cz\/new\/wp-json\/wp\/v2\/comments?post=32"}],"version-history":[{"count":61,"href":"https:\/\/www.cittadella.cz\/new\/wp-json\/wp\/v2\/pages\/32\/revisions"}],"predecessor-version":[{"id":1108,"href":"https:\/\/www.cittadella.cz\/new\/wp-json\/wp\/v2\/pages\/32\/revisions\/1108"}],"wp:attachment":[{"href":"https:\/\/www.cittadella.cz\/new\/wp-json\/wp\/v2\/media?parent=32"}],"curies":[{"name":"wp","href":"https:\/\/api.w.org\/{rel}","templated":true}]}}