{"id":47,"date":"2016-06-27T08:37:54","date_gmt":"2016-06-27T07:37:54","guid":{"rendered":"http:\/\/www.cittadella.cz\/new\/?page_id=47"},"modified":"2021-11-28T15:08:24","modified_gmt":"2021-11-28T14:08:24","slug":"fotografie","status":"publish","type":"page","link":"https:\/\/www.cittadella.cz\/new\/fotografie\/","title":{"rendered":"fotografie | grafika"},"content":{"rendered":"<div id=\"pl-47\"  class=\"panel-layout\" ><div id=\"pg-47-0\"  class=\"panel-grid panel-has-style\" ><div class=\"panel-row-style panel-row-style-for-47-0\" ><div id=\"pgc-47-0-0\"  class=\"panel-grid-cell\" ><div id=\"panel-47-0-0-0\" class=\"so-panel widget widget_sow-editor panel-first-child panel-last-child\" data-index=\"0\" ><div class=\"panel-widget-style panel-widget-style-for-47-0-0-0\" ><div\n\t\t\t\n\t\t\tclass=\"so-widget-sow-editor so-widget-sow-editor-base\"\n\t\t\t\n\t\t>\n<div class=\"siteorigin-widget-tinymce textwidget\">\n\t<h2 style=\"text-align: center; margin-top: 0px; color: #fff;\">FOTOGRAFIE | GRAFIKA<\/h2>\n<\/div>\n<\/div><\/div><\/div><\/div><\/div><\/div><div id=\"pg-47-1\"  class=\"panel-grid panel-has-style\" ><div class=\"fixedrow siteorigin-panels-stretch panel-row-style panel-row-style-for-47-1\" id=\"motto\" data-stretch-type=\"full\" ><div id=\"pgc-47-1-0\"  class=\"panel-grid-cell\" ><div id=\"panel-47-1-0-0\" class=\"so-panel widget widget_sow-editor panel-first-child panel-last-child\" data-index=\"1\" ><div class=\"center_text panel-widget-style panel-widget-style-for-47-1-0-0\" ><div\n\t\t\t\n\t\t\tclass=\"so-widget-sow-editor so-widget-sow-editor-base\"\n\t\t\t\n\t\t>\n<div class=\"siteorigin-widget-tinymce textwidget\">\n\t<p><strong>Jednou z\u00a0aktu\u00e1ln\u00edch \u010dinnost\u00ed, kter\u00e9 jsme za\u010dali realizovat na p\u0159\u00e1n\u00ed zejm\u00e9na na\u0161ich st\u00e1vaj\u00edc\u00edch, ale i nov\u00fdch klient\u016f, jsou grafick\u00e9 a fotografick\u00e9 pr\u00e1ce, spojen\u00e9 se sazbou publikac\u00ed v\u010detn\u011b p\u0159\u00edpravy do tisku.<\/strong><\/p>\n<p><strong>Sou\u010d\u00e1st\u00ed p\u0159\u00edpravy publikac\u00ed a web\u016f, ale i samostatnou \u010dinnost\u00ed pro na\u0161e klienty jsou fotografick\u00e9 pr\u00e1ce.<\/strong><\/p>\n<\/div>\n<\/div><\/div><\/div><\/div><\/div><\/div><div id=\"pg-47-2\"  class=\"panel-grid panel-has-style\" ><div class=\"siteorigin-panels-stretch panel-row-style panel-row-style-for-47-2\" id=\"services\" data-stretch-type=\"full\" ><div id=\"pgc-47-2-0\"  class=\"panel-grid-cell\" ><div id=\"panel-47-2-0-0\" class=\"so-panel widget widget_sow-editor panel-first-child panel-last-child\" data-index=\"2\" ><div class=\"panel-widget-style panel-widget-style-for-47-2-0-0\" ><div\n\t\t\t\n\t\t\tclass=\"so-widget-sow-editor so-widget-sow-editor-base\"\n\t\t\t\n\t\t>\n<div class=\"siteorigin-widget-tinymce textwidget\">\n\t<p><strong>Grafika<\/strong> <strong>a fotografie<\/strong> jsou dal\u0161\u00edmi n\u00e1stroji pro zprost\u0159edkov\u00e1n\u00ed informac\u00ed vizu\u00e1ln\u011b zaj\u00edmavou formou, kde informace z\u016fst\u00e1vaj\u00ed st\u00e1le na prvn\u00edm m\u00edst\u011b - lid\u00e9, jejich pr\u00e1ce, p\u0159\u00edb\u011bhy, akce, kampan\u011b, ud\u00e1losti, v\u00fdro\u010dn\u00ed zpr\u00e1vy, bro\u017eury \u010di kalend\u00e1\u0159e, spojen\u00e9 \u010dasto sp\u00ed\u0161e se spole\u010denskou ne\u017e obchodn\u00ed prezentac\u00ed.<\/p>\n<p>Klientem zadan\u00fd \u00fakol p\u0159evedeme do atraktivn\u00ed podoby tak, aby informac\u00edm a sd\u011blen\u00edm klienta dominovala praktick\u00e1 funkce a z\u00e1rove\u0148 byla pro c\u00edlovou skupinu vizu\u00e1ln\u011b zaj\u00edmav\u00e1.<\/p>\n<\/div>\n<\/div><\/div><\/div><\/div><div id=\"pgc-47-2-1\"  class=\"panel-grid-cell\" ><div id=\"panel-47-2-1-0\" class=\"so-panel widget widget_sow-editor panel-first-child panel-last-child\" data-index=\"3\" ><div class=\"panel-widget-style panel-widget-style-for-47-2-1-0\" ><div\n\t\t\t\n\t\t\tclass=\"so-widget-sow-editor so-widget-sow-editor-base\"\n\t\t\t\n\t\t>\n<div class=\"siteorigin-widget-tinymce textwidget\">\n\t<p>Pot\u0159ebujeme a chceme podrobn\u011b zn\u00e1t, co klient pot\u0159ebuje a co se mu l\u00edb\u00ed (a\u0165 prost\u0159ednictv\u00edm popsan\u00fdch nebo prezentovan\u00fdch obl\u00edben\u00fdch d\u011bl \u010di uk\u00e1zkou na\u0161ich minul\u00fdch prac\u00ed).<br \/>Nechceme si proti\u0159e\u010dit, ale na z\u00e1klad\u011b popsan\u00fdch pot\u0159eb r\u00e1di nab\u00eddneme i pohled z jin\u00e9ho \u00fahlu.<\/p>\n<p>Nejd\u0159\u00edve pot\u0159ebujeme zn\u00e1t strukturu a obsah, zam\u00fd\u0161len\u00fd po\u010det stran \u010di obrazovek apod.<\/p>\n<\/div>\n<\/div><\/div><\/div><\/div><div id=\"pgc-47-2-2\"  class=\"panel-grid-cell\" ><div id=\"panel-47-2-2-0\" class=\"so-panel widget widget_sow-editor panel-first-child panel-last-child\" data-index=\"4\" ><div class=\"panel-widget-style panel-widget-style-for-47-2-2-0\" ><div\n\t\t\t\n\t\t\tclass=\"so-widget-sow-editor so-widget-sow-editor-base\"\n\t\t\t\n\t\t>\n<div class=\"siteorigin-widget-tinymce textwidget\">\n\t<p>Na z\u00e1klad\u011b konkr\u00e9tn\u00ed domluvy zpracujeme grafick\u00e9 n\u00e1vrhy, po schv\u00e1len\u00ed grafiky a po dod\u00e1n\u00ed fin\u00e1ln\u00edch dat klientem se p\u0159istupuje k sazb\u011b publikace \u010di k pln\u011bn\u00ed <strong>webov\u00fdch str\u00e1nek<\/strong>.<br \/>Texty je nutn\u00e9 dodat po jazykov\u00e9 i obsahov\u00e9 korektu\u0159e (stejn\u00fd form\u00e1t citac\u00ed, popisk\u016f apod.), p\u0159edejdeme t\u00edm necht\u011bn\u00fdm n\u00e1ro\u010dn\u00fdm zm\u011bn\u00e1m velk\u00e9ho mno\u017estv\u00ed dat, prodlou\u017een\u00ed doby zpracovan\u00ed a s t\u00edm spojen\u00e9 nav\u00fd\u0161en\u00ed ceny.<\/p>\n<\/div>\n<\/div><\/div><\/div><\/div><\/div><\/div><div id=\"pg-47-3\"  class=\"panel-grid panel-has-style\" ><div class=\"fixedrow2 siteorigin-panels-stretch panel-row-style panel-row-style-for-47-3\" id=\"fotop\" data-stretch-type=\"full-stretched\" ><div id=\"pgc-47-3-0\"  class=\"panel-grid-cell\" ><div class=\"fotobox panel-cell-style panel-cell-style-for-47-3-0\" ><div id=\"panel-47-3-0-0\" class=\"so-panel widget widget_sow-image panel-first-child panel-last-child\" data-index=\"5\" ><div class=\"panel-widget-style panel-widget-style-for-47-3-0-0\" ><div\n\t\t\t\n\t\t\tclass=\"so-widget-sow-image so-widget-sow-image-default-8b5b6f678277-47\"\n\t\t\t\n\t\t><\/div><\/div><\/div><\/div><\/div><div id=\"pgc-47-3-1\"  class=\"panel-grid-cell\" ><div class=\"fotobox panel-cell-style panel-cell-style-for-47-3-1\" ><div id=\"panel-47-3-1-0\" class=\"so-panel widget widget_sow-image panel-first-child panel-last-child\" data-index=\"6\" ><div class=\"panel-widget-style panel-widget-style-for-47-3-1-0\" ><div\n\t\t\t\n\t\t\tclass=\"so-widget-sow-image so-widget-sow-image-default-8b5b6f678277-47\"\n\t\t\t\n\t\t><\/div><\/div><\/div><\/div><\/div><div id=\"pgc-47-3-2\"  class=\"panel-grid-cell\" ><div class=\"fotobox panel-cell-style panel-cell-style-for-47-3-2\" ><div id=\"panel-47-3-2-0\" class=\"so-panel widget widget_sow-image panel-first-child panel-last-child\" data-index=\"7\" ><div class=\"panel-widget-style panel-widget-style-for-47-3-2-0\" ><div\n\t\t\t\n\t\t\tclass=\"so-widget-sow-image so-widget-sow-image-default-8b5b6f678277-47\"\n\t\t\t\n\t\t><\/div><\/div><\/div><\/div><\/div><div id=\"pgc-47-3-3\"  class=\"panel-grid-cell\" ><div class=\"fotobox panel-cell-style panel-cell-style-for-47-3-3\" ><div id=\"panel-47-3-3-0\" class=\"so-panel widget widget_sow-image panel-first-child panel-last-child\" data-index=\"8\" ><div class=\"panel-widget-style panel-widget-style-for-47-3-3-0\" ><div\n\t\t\t\n\t\t\tclass=\"so-widget-sow-image so-widget-sow-image-default-8b5b6f678277-47\"\n\t\t\t\n\t\t><\/div><\/div><\/div><\/div><\/div><\/div><\/div><div id=\"pg-47-4\"  class=\"panel-grid panel-has-style\" ><div class=\"siteorigin-panels-stretch panel-row-style panel-row-style-for-47-4\" id=\"services\" data-stretch-type=\"full\" ><div id=\"pgc-47-4-0\"  class=\"panel-grid-cell\" ><div id=\"panel-47-4-0-0\" class=\"so-panel widget widget_sow-editor panel-first-child panel-last-child\" data-index=\"9\" ><div class=\"panel-widget-style panel-widget-style-for-47-4-0-0\" ><div\n\t\t\t\n\t\t\tclass=\"so-widget-sow-editor so-widget-sow-editor-base\"\n\t\t\t\n\t\t>\n<div class=\"siteorigin-widget-tinymce textwidget\">\n\t<p>N\u00e1sleduj\u00ed <strong>korektury napln\u011bn\u00e9 publikace<\/strong>.<\/p>\n<p>Z\u00e1v\u011brem s\u00a0V\u00e1mi zvol\u00edme materi\u00e1l pro tisk, p\u0159edstav\u00edme V\u00e1m p\u0159\u00edpadn\u00e9 povrchov\u00e9 \u00fapravy, kter\u00e9 publikaci vizu\u00e1ln\u011b obohat\u00ed a mohou i zd\u016fraznit d\u016fle\u017eitost vybran\u00fdch informac\u00ed.<br \/>Kdy\u017e budete spokojeni a nikde nejsou \u017e\u00e1dn\u00e9 chyby, m\u016f\u017ee se tisknout.<\/p>\n<\/div>\n<\/div><\/div><\/div><\/div><div id=\"pgc-47-4-1\"  class=\"panel-grid-cell\" ><div id=\"panel-47-4-1-0\" class=\"so-panel widget widget_sow-editor panel-first-child panel-last-child\" data-index=\"10\" ><div class=\"panel-widget-style panel-widget-style-for-47-4-1-0\" ><div\n\t\t\t\n\t\t\tclass=\"so-widget-sow-editor so-widget-sow-editor-base\"\n\t\t\t\n\t\t>\n<div class=\"siteorigin-widget-tinymce textwidget\">\n\t<p><strong>Sou\u010d\u00e1st\u00ed p\u0159\u00edpravy publikac\u00ed<\/strong> a web\u016f, ale i samostatnou \u010dinnost\u00ed jsou fotografick\u00e9 pr\u00e1ce - portr\u00e9ty figur\u00e1ln\u00ed \u010di skupinov\u00e9, architektura v\u00a0interi\u00e9ru a exteri\u00e9ru, technick\u00e9 i atmosf\u00e9rick\u00e9 sn\u00edmky, image a \u017e\u00e1nrov\u00e9 fotografie, report\u00e1\u017ee, produktov\u00e9 s\u00e9rie a dal\u0161\u00ed.<\/p>\n<p>V\u0161e v ateli\u00e9ru nebo venku, s p\u0159irozen\u00fdm sv\u011btlem nebo s mobiln\u00edm ateli\u00e9rem.<\/p>\n<\/div>\n<\/div><\/div><\/div><\/div><div id=\"pgc-47-4-2\"  class=\"panel-grid-cell\" ><div id=\"panel-47-4-2-0\" class=\"so-panel widget widget_sow-editor panel-first-child panel-last-child\" data-index=\"11\" ><div class=\"panel-widget-style panel-widget-style-for-47-4-2-0\" ><div\n\t\t\t\n\t\t\tclass=\"so-widget-sow-editor so-widget-sow-editor-base\"\n\t\t\t\n\t\t>\n<div class=\"siteorigin-widget-tinymce textwidget\">\n\t<p>Fotky k\u00a0n\u00e1sledn\u00fdm \u00faprav\u00e1m a zpracov\u00e1n\u00ed si vyb\u00edr\u00e1te obvykle z\u00a0v\u011bt\u0161\u00edho mno\u017estv\u00ed po\u0159\u00edzen\u00e9ho materi\u00e1lu, v n\u00e1hledov\u00fdch galeri\u00edch, je mo\u017eno s\u00a0na\u0161\u00ed konzultac\u00ed. Stejn\u011b tak si m\u016f\u017eete vybrat barevnost do tisku - barva tepl\u00e1, studen\u00e1, \u010dernob\u00edl\u00e1, kolorovan\u00e9 varianty apod.<\/p>\n<p>Anebo to v\u0161echno m\u016f\u017eete nechat na na\u0161em fotografovi \u010di fotografce \ud83d\ude42<\/p>\n<p>T\u011b\u0161\u00edme se na spolupr\u00e1ci.<\/p>\n<\/div>\n<\/div><\/div><\/div><\/div><\/div><\/div><\/div>","protected":false},"excerpt":{"rendered":"<p>FOTOGRAFIE | GRAFIKA Jednou z\u00a0aktu\u00e1ln\u00edch \u010dinnost\u00ed, kter\u00e9 jsme za\u010dali realizovat na p\u0159\u00e1n\u00ed zejm\u00e9na na\u0161ich st\u00e1vaj\u00edc\u00edch, ale i nov\u00fdch klient\u016f, jsou grafick\u00e9 a fotografick\u00e9 pr\u00e1ce, spojen\u00e9 se sazbou publikac\u00ed v\u010detn\u011b p\u0159\u00edpravy do tisku. Sou\u010d\u00e1st\u00ed p\u0159\u00edpravy publikac\u00ed a web\u016f, ale i samostatnou \u010dinnost\u00ed pro na\u0161e klienty jsou fotografick\u00e9 pr\u00e1ce.<\/p>\n","protected":false},"author":1,"featured_media":0,"parent":0,"menu_order":4,"comment_status":"closed","ping_status":"closed","template":"templates\/template-full-notitle.php","meta":{"ngg_post_thumbnail":0,"footnotes":""},"_links":{"self":[{"href":"https:\/\/www.cittadella.cz\/new\/wp-json\/wp\/v2\/pages\/47"}],"collection":[{"href":"https:\/\/www.cittadella.cz\/new\/wp-json\/wp\/v2\/pages"}],"about":[{"href":"https:\/\/www.cittadella.cz\/new\/wp-json\/wp\/v2\/types\/page"}],"author":[{"embeddable":true,"href":"https:\/\/www.cittadella.cz\/new\/wp-json\/wp\/v2\/users\/1"}],"replies":[{"embeddable":true,"href":"https:\/\/www.cittadella.cz\/new\/wp-json\/wp\/v2\/comments?post=47"}],"version-history":[{"count":56,"href":"https:\/\/www.cittadella.cz\/new\/wp-json\/wp\/v2\/pages\/47\/revisions"}],"predecessor-version":[{"id":1112,"href":"https:\/\/www.cittadella.cz\/new\/wp-json\/wp\/v2\/pages\/47\/revisions\/1112"}],"wp:attachment":[{"href":"https:\/\/www.cittadella.cz\/new\/wp-json\/wp\/v2\/media?parent=47"}],"curies":[{"name":"wp","href":"https:\/\/api.w.org\/{rel}","templated":true}]}}